{"id":11,"date":"2015-09-24T12:05:03","date_gmt":"2015-09-24T10:05:03","guid":{"rendered":"http:\/\/10.86.24.6\/darius-net\/?page_id=11"},"modified":"2015-09-24T14:58:34","modified_gmt":"2015-09-24T12:58:34","slug":"service","status":"publish","type":"page","link":"https:\/\/www.darius-net.de\/cms\/index.php\/service\/","title":{"rendered":"Service"},"content":{"rendered":"<p>Durch unseren permanenten vor Ort Service kennen wir die die Netzwerke und die Anwenderstruktur unserer Kunden bis ins Detail und k\u00f6nnen so in hohem Ma\u00dfe auf die\u00a0 speziellen Bed\u00fcrfnisse eingehen.<\/p>\n<p>Unsere Techniker und Systemingenieure verf\u00fcgen \u00fcber alle n\u00f6tigen Qualifikationen um ihre PC, ihre Server und ihr\u00a0 Netzwerk auf den neuesten Stand der Technik zu bringen.<br \/>\nIhr Unternehmen nach Systemausf\u00e4llen in k\u00fcrzester Zeit wieder handlungsf\u00e4hig zu machen ist unser oberstes Gebot.<\/p>\n<p>Durch regelm\u00e4\u00dfige Fortbildungsma\u00dfnahmen halten wir unser Fachwissen in allen Bereichen der Hard &#8211; und Software sowie der Netzwerkverwaltung auf\u00a0 dem neuesten Stand.<\/p>\n","protected":false},"excerpt":{"rendered":"<p>Durch unseren permanenten vor Ort Service kennen wir die die Netzwerke und die Anwenderstruktur unserer Kunden bis ins Detail und k\u00f6nnen so in hohem Ma\u00dfe auf die\u00a0 speziellen Bed\u00fcrfnisse eingehen. Unsere Techniker und Systemingenieure verf\u00fcgen \u00fcber alle n\u00f6tigen Qualifikationen um ihre PC, ihre Server und ihr\u00a0 Netzwerk auf den neuesten Stand der Technik zu bringen. [&hellip;]<\/p>\n","protected":false},"author":1,"featured_media":0,"parent":0,"menu_order":0,"comment_status":"closed","ping_status":"closed","template":"","meta":{"footnotes":""},"class_list":["post-11","page","type-page","status-publish","hentry"],"_links":{"self":[{"href":"https:\/\/www.darius-net.de\/cms\/index.php\/wp-json\/wp\/v2\/pages\/11","targetHints":{"allow":["GET"]}}],"collection":[{"href":"https:\/\/www.darius-net.de\/cms\/index.php\/wp-json\/wp\/v2\/pages"}],"about":[{"href":"https:\/\/www.darius-net.de\/cms\/index.php\/wp-json\/wp\/v2\/types\/page"}],"author":[{"embeddable":true,"href":"https:\/\/www.darius-net.de\/cms\/index.php\/wp-json\/wp\/v2\/users\/1"}],"replies":[{"embeddable":true,"href":"https:\/\/www.darius-net.de\/cms\/index.php\/wp-json\/wp\/v2\/comments?post=11"}],"version-history":[{"count":2,"href":"https:\/\/www.darius-net.de\/cms\/index.php\/wp-json\/wp\/v2\/pages\/11\/revisions"}],"predecessor-version":[{"id":598,"href":"https:\/\/www.darius-net.de\/cms\/index.php\/wp-json\/wp\/v2\/pages\/11\/revisions\/598"}],"wp:attachment":[{"href":"https:\/\/www.darius-net.de\/cms\/index.php\/wp-json\/wp\/v2\/media?parent=11"}],"curies":[{"name":"wp","href":"https:\/\/api.w.org\/{rel}","templated":true}]}}