{"id":111,"date":"2015-09-24T15:04:30","date_gmt":"2015-09-24T13:04:30","guid":{"rendered":"http:\/\/10.86.24.6\/darius-net\/?page_id=111"},"modified":"2023-03-03T06:53:18","modified_gmt":"2023-03-03T05:53:18","slug":"kommunikationstechnik","status":"publish","type":"page","link":"https:\/\/www.darius-net.de\/cms\/index.php\/kommunikationstechnik\/","title":{"rendered":"Kommunikationstechnik"},"content":{"rendered":"<p>Egal ob Sie einen einzelnen Pc ans Internet anbinden m\u00f6chten oder \u00fcber Router ein Firmen LAN anbinden wollen. Wir liefern und installieren die erforderliche Hard und Software und konfigurieren Ihren Zugang. Ebenso konzipieren liefern und installieren wir komplette Kommunikationsanlagen.<\/p>\n<p>Mit Hilfe intelligenter \u00dcbertragungseinrichtungen k\u00f6nnen Sprache, Daten oder Video \u00fcber Weitverkehrsnetze (WAN\u2019s) zu verschiedenen Standorten \u00fcbertragen werden. Dies kann entweder \u00fcber Standleitungen, virtuelle private Netze (VPNs) oder W\u00e4hlleitungen erfolgen. Dabei verwenden wir nur Zug\u00e4nge \u00fcber ausfallsichere Provider wie die TELEKOM oder unseren Partner IONOS.<\/p>\n<p>Neben der Lieferung geh\u00f6ren zum Leistungsumfang die Projektierung, Montage, Pflege und Wartung kompletter Anlagen und Systeme oder einzelner \u00dcbertragungskomponenten.<\/p>\n","protected":false},"excerpt":{"rendered":"<p>Egal ob Sie einen einzelnen Pc ans Internet anbinden m\u00f6chten oder \u00fcber Router ein Firmen LAN anbinden wollen. Wir liefern und installieren die erforderliche Hard und Software und konfigurieren Ihren Zugang. Ebenso konzipieren liefern und installieren wir komplette Kommunikationsanlagen. Mit Hilfe intelligenter \u00dcbertragungseinrichtungen k\u00f6nnen Sprache, Daten oder Video \u00fcber Weitverkehrsnetze (WAN\u2019s) zu verschiedenen Standorten \u00fcbertragen [&hellip;]<\/p>\n","protected":false},"author":1,"featured_media":0,"parent":0,"menu_order":0,"comment_status":"closed","ping_status":"closed","template":"","meta":{"footnotes":""},"class_list":["post-111","page","type-page","status-publish","hentry"],"_links":{"self":[{"href":"https:\/\/www.darius-net.de\/cms\/index.php\/wp-json\/wp\/v2\/pages\/111","targetHints":{"allow":["GET"]}}],"collection":[{"href":"https:\/\/www.darius-net.de\/cms\/index.php\/wp-json\/wp\/v2\/pages"}],"about":[{"href":"https:\/\/www.darius-net.de\/cms\/index.php\/wp-json\/wp\/v2\/types\/page"}],"author":[{"embeddable":true,"href":"https:\/\/www.darius-net.de\/cms\/index.php\/wp-json\/wp\/v2\/users\/1"}],"replies":[{"embeddable":true,"href":"https:\/\/www.darius-net.de\/cms\/index.php\/wp-json\/wp\/v2\/comments?post=111"}],"version-history":[{"count":2,"href":"https:\/\/www.darius-net.de\/cms\/index.php\/wp-json\/wp\/v2\/pages\/111\/revisions"}],"predecessor-version":[{"id":673,"href":"https:\/\/www.darius-net.de\/cms\/index.php\/wp-json\/wp\/v2\/pages\/111\/revisions\/673"}],"wp:attachment":[{"href":"https:\/\/www.darius-net.de\/cms\/index.php\/wp-json\/wp\/v2\/media?parent=111"}],"curies":[{"name":"wp","href":"https:\/\/api.w.org\/{rel}","templated":true}]}}