{"id":13,"date":"2015-09-24T12:06:23","date_gmt":"2015-09-24T10:06:23","guid":{"rendered":"http:\/\/10.86.24.6\/darius-net\/?page_id=13"},"modified":"2015-09-24T14:58:34","modified_gmt":"2015-09-24T12:58:34","slug":"hardware","status":"publish","type":"page","link":"https:\/\/www.darius-net.de\/cms\/index.php\/hardware\/","title":{"rendered":"Hardware"},"content":{"rendered":"<p>Ob Stand- Alone &#8211; PC, oder Serverbasiertes Firmen Netzwerk &#8211; wir finden f\u00fcr Sie die richtige L\u00f6sung. Wir verwenden ausschlie\u00dflich hochwertige Markenprodukte um die Verf\u00fcgbarkeit Ihrer IT &#8211; Umgebung zu gew\u00e4hrleisten.<\/p>\n<p>Wir liefern Ihnen preiswert und schnell Markenger\u00e4te aller f\u00fchrenden Hersteller.<\/p>\n<p>Durch Online Anbindung an unsere Lieferanten und Partner sind wir jederzeit in der Lage, an unseren Terminals alle f\u00fcr Sie interessanten Informationen abzurufen.<\/p>\n<p>Selbstverst\u00e4ndlich,\u00a0 Installieren\u00a0 und Konfigurieren wir Ihr neues System auf Wunsch auch vor Ort.<\/p>\n","protected":false},"excerpt":{"rendered":"<p>Ob Stand- Alone &#8211; PC, oder Serverbasiertes Firmen Netzwerk &#8211; wir finden f\u00fcr Sie die richtige L\u00f6sung. Wir verwenden ausschlie\u00dflich hochwertige Markenprodukte um die Verf\u00fcgbarkeit Ihrer IT &#8211; Umgebung zu gew\u00e4hrleisten. Wir liefern Ihnen preiswert und schnell Markenger\u00e4te aller f\u00fchrenden Hersteller. Durch Online Anbindung an unsere Lieferanten und Partner sind wir jederzeit in der Lage, [&hellip;]<\/p>\n","protected":false},"author":1,"featured_media":0,"parent":0,"menu_order":0,"comment_status":"closed","ping_status":"closed","template":"","meta":{"footnotes":""},"class_list":["post-13","page","type-page","status-publish","hentry"],"_links":{"self":[{"href":"https:\/\/www.darius-net.de\/cms\/index.php\/wp-json\/wp\/v2\/pages\/13","targetHints":{"allow":["GET"]}}],"collection":[{"href":"https:\/\/www.darius-net.de\/cms\/index.php\/wp-json\/wp\/v2\/pages"}],"about":[{"href":"https:\/\/www.darius-net.de\/cms\/index.php\/wp-json\/wp\/v2\/types\/page"}],"author":[{"embeddable":true,"href":"https:\/\/www.darius-net.de\/cms\/index.php\/wp-json\/wp\/v2\/users\/1"}],"replies":[{"embeddable":true,"href":"https:\/\/www.darius-net.de\/cms\/index.php\/wp-json\/wp\/v2\/comments?post=13"}],"version-history":[{"count":1,"href":"https:\/\/www.darius-net.de\/cms\/index.php\/wp-json\/wp\/v2\/pages\/13\/revisions"}],"predecessor-version":[{"id":14,"href":"https:\/\/www.darius-net.de\/cms\/index.php\/wp-json\/wp\/v2\/pages\/13\/revisions\/14"}],"wp:attachment":[{"href":"https:\/\/www.darius-net.de\/cms\/index.php\/wp-json\/wp\/v2\/media?parent=13"}],"curies":[{"name":"wp","href":"https:\/\/api.w.org\/{rel}","templated":true}]}}