{"id":15,"date":"2015-09-24T12:06:46","date_gmt":"2015-09-24T10:06:46","guid":{"rendered":"http:\/\/10.86.24.6\/darius-net\/?page_id=15"},"modified":"2015-09-24T14:58:34","modified_gmt":"2015-09-24T12:58:34","slug":"software","status":"publish","type":"page","link":"https:\/\/www.darius-net.de\/cms\/index.php\/software\/","title":{"rendered":"Software"},"content":{"rendered":"<p>Wir suchen f\u00fcr Sie die\u00a0 Anwenderfreundlichste und preiswerteste L\u00f6sung. Sie und Ihre Mitarbeiter sollen sich auf die Arbeit konzentrieren k\u00f6nnen und nicht auf komplizierte Programme und Anwendungen achten m\u00fcssen<\/p>\n<p>Das erh\u00f6ht die Effizienz und hilft Ihnen Kosten einzusparen. Als Standard vertrauen wir dabei auf die Betriebssysteme und Officeapplikationen\u00a0 von Microsoft. F\u00fcr eine optimale Nutzung der Systeme empfehlen wir Windows 2012 Server, Windows 8 oder 10\u00a0 und Office 2013.<\/p>\n<p>Ebenso geh\u00f6rt heute ein aktiver Virenschutz zu jedem PC. Wir liefern und installieren alle f\u00fchrenden Virenschutzprogramme egal ob McAfee, Norman, Panda, G-Data usw.<\/p>\n","protected":false},"excerpt":{"rendered":"<p>Wir suchen f\u00fcr Sie die\u00a0 Anwenderfreundlichste und preiswerteste L\u00f6sung. Sie und Ihre Mitarbeiter sollen sich auf die Arbeit konzentrieren k\u00f6nnen und nicht auf komplizierte Programme und Anwendungen achten m\u00fcssen Das erh\u00f6ht die Effizienz und hilft Ihnen Kosten einzusparen. Als Standard vertrauen wir dabei auf die Betriebssysteme und Officeapplikationen\u00a0 von Microsoft. F\u00fcr eine optimale Nutzung der [&hellip;]<\/p>\n","protected":false},"author":1,"featured_media":0,"parent":0,"menu_order":0,"comment_status":"closed","ping_status":"closed","template":"","meta":{"footnotes":""},"class_list":["post-15","page","type-page","status-publish","hentry"],"_links":{"self":[{"href":"https:\/\/www.darius-net.de\/cms\/index.php\/wp-json\/wp\/v2\/pages\/15","targetHints":{"allow":["GET"]}}],"collection":[{"href":"https:\/\/www.darius-net.de\/cms\/index.php\/wp-json\/wp\/v2\/pages"}],"about":[{"href":"https:\/\/www.darius-net.de\/cms\/index.php\/wp-json\/wp\/v2\/types\/page"}],"author":[{"embeddable":true,"href":"https:\/\/www.darius-net.de\/cms\/index.php\/wp-json\/wp\/v2\/users\/1"}],"replies":[{"embeddable":true,"href":"https:\/\/www.darius-net.de\/cms\/index.php\/wp-json\/wp\/v2\/comments?post=15"}],"version-history":[{"count":1,"href":"https:\/\/www.darius-net.de\/cms\/index.php\/wp-json\/wp\/v2\/pages\/15\/revisions"}],"predecessor-version":[{"id":16,"href":"https:\/\/www.darius-net.de\/cms\/index.php\/wp-json\/wp\/v2\/pages\/15\/revisions\/16"}],"wp:attachment":[{"href":"https:\/\/www.darius-net.de\/cms\/index.php\/wp-json\/wp\/v2\/media?parent=15"}],"curies":[{"name":"wp","href":"https:\/\/api.w.org\/{rel}","templated":true}]}}