{"id":17,"date":"2015-09-24T12:07:11","date_gmt":"2015-09-24T10:07:11","guid":{"rendered":"http:\/\/10.86.24.6\/darius-net\/?page_id=17"},"modified":"2015-09-24T14:58:34","modified_gmt":"2015-09-24T12:58:34","slug":"analyse","status":"publish","type":"page","link":"https:\/\/www.darius-net.de\/cms\/index.php\/analyse\/","title":{"rendered":"Analyse"},"content":{"rendered":"<p>Probleme schon im Vorfeld, bei Planung und Einrichtung zu vermeiden, verstehen wir als eine unserer Hauptaufgaben. Deshalb analysieren wir ihr Unternehmen vor Ort und erarbeiten mit Ihnen zusammen das Konzept.<\/p>\n<p>Sollte es in Ihrem bestehenden Netz zu Problemen oder Systemausf\u00e4llen kommen, so analysieren wir auch dieses Problem, und bieten Ihnen eine L\u00f6sung, welche die Produktions- und Arbeitsausf\u00e4lle minimiert und den Verlust ihrer Daten verhindert. Hochwertige Backupl\u00f6sungen geh\u00f6ren deswegen zu unserem Standardangebot.<\/p>\n","protected":false},"excerpt":{"rendered":"<p>Probleme schon im Vorfeld, bei Planung und Einrichtung zu vermeiden, verstehen wir als eine unserer Hauptaufgaben. Deshalb analysieren wir ihr Unternehmen vor Ort und erarbeiten mit Ihnen zusammen das Konzept. Sollte es in Ihrem bestehenden Netz zu Problemen oder Systemausf\u00e4llen kommen, so analysieren wir auch dieses Problem, und bieten Ihnen eine L\u00f6sung, welche die Produktions- [&hellip;]<\/p>\n","protected":false},"author":1,"featured_media":0,"parent":0,"menu_order":0,"comment_status":"closed","ping_status":"closed","template":"","meta":{"footnotes":""},"class_list":["post-17","page","type-page","status-publish","hentry"],"_links":{"self":[{"href":"https:\/\/www.darius-net.de\/cms\/index.php\/wp-json\/wp\/v2\/pages\/17","targetHints":{"allow":["GET"]}}],"collection":[{"href":"https:\/\/www.darius-net.de\/cms\/index.php\/wp-json\/wp\/v2\/pages"}],"about":[{"href":"https:\/\/www.darius-net.de\/cms\/index.php\/wp-json\/wp\/v2\/types\/page"}],"author":[{"embeddable":true,"href":"https:\/\/www.darius-net.de\/cms\/index.php\/wp-json\/wp\/v2\/users\/1"}],"replies":[{"embeddable":true,"href":"https:\/\/www.darius-net.de\/cms\/index.php\/wp-json\/wp\/v2\/comments?post=17"}],"version-history":[{"count":1,"href":"https:\/\/www.darius-net.de\/cms\/index.php\/wp-json\/wp\/v2\/pages\/17\/revisions"}],"predecessor-version":[{"id":18,"href":"https:\/\/www.darius-net.de\/cms\/index.php\/wp-json\/wp\/v2\/pages\/17\/revisions\/18"}],"wp:attachment":[{"href":"https:\/\/www.darius-net.de\/cms\/index.php\/wp-json\/wp\/v2\/media?parent=17"}],"curies":[{"name":"wp","href":"https:\/\/api.w.org\/{rel}","templated":true}]}}